{"id":1580,"date":"2024-09-11T14:20:19","date_gmt":"2024-09-11T12:20:19","guid":{"rendered":"https:\/\/gobeez.fr\/?page_id=1580"},"modified":"2024-10-07T09:51:23","modified_gmt":"2024-10-07T07:51:23","slug":"news","status":"publish","type":"page","link":"https:\/\/gobeez.fr\/index.php\/news\/","title":{"rendered":"News"},"content":{"rendered":"\t\t<div data-elementor-type=\"wp-page\" data-elementor-id=\"1580\" class=\"elementor elementor-1580\" data-elementor-post-type=\"page\">\n\t\t\t\t<div class=\"elementor-element elementor-element-5c7c480 e-con-full e-flex e-con e-parent\" data-id=\"5c7c480\" data-element_type=\"container\" data-settings=\"{&quot;background_background&quot;:&quot;classic&quot;,&quot;background_motion_fx_motion_fx_scrolling&quot;:&quot;yes&quot;,&quot;background_motion_fx_devices&quot;:[&quot;desktop&quot;]}\">\n\t\t\t\t<div class=\"elementor-element elementor-element-0c80dde exad-sticky-section-no exad-glass-effect-no elementor-widget elementor-widget-heading\" data-id=\"0c80dde\" data-element_type=\"widget\" data-widget_type=\"heading.default\">\n\t\t\t\t<div class=\"elementor-widget-container\">\n\t\t\t<style>\/*! elementor - v3.23.0 - 05-08-2024 *\/\n.elementor-heading-title{padding:0;margin:0;line-height:1}.elementor-widget-heading .elementor-heading-title[class*=elementor-size-]>a{color:inherit;font-size:inherit;line-height:inherit}.elementor-widget-heading .elementor-heading-title.elementor-size-small{font-size:15px}.elementor-widget-heading .elementor-heading-title.elementor-size-medium{font-size:19px}.elementor-widget-heading .elementor-heading-title.elementor-size-large{font-size:29px}.elementor-widget-heading .elementor-heading-title.elementor-size-xl{font-size:39px}.elementor-widget-heading .elementor-heading-title.elementor-size-xxl{font-size:59px}<\/style><h2 class=\"elementor-heading-title elementor-size-default\">Du nouveau chez Gobeez !<\/h2>\t\t<\/div>\n\t\t\t\t<\/div>\n\t\t\t\t<div class=\"elementor-element elementor-element-7694b74 exad-sticky-section-no exad-glass-effect-no elementor-widget elementor-widget-text-editor\" data-id=\"7694b74\" data-element_type=\"widget\" data-widget_type=\"text-editor.default\">\n\t\t\t\t<div class=\"elementor-widget-container\">\n\t\t\t<style>\/*! elementor - v3.23.0 - 05-08-2024 *\/\n.elementor-widget-text-editor.elementor-drop-cap-view-stacked .elementor-drop-cap{background-color:#69727d;color:#fff}.elementor-widget-text-editor.elementor-drop-cap-view-framed .elementor-drop-cap{color:#69727d;border:3px solid;background-color:transparent}.elementor-widget-text-editor:not(.elementor-drop-cap-view-default) .elementor-drop-cap{margin-top:8px}.elementor-widget-text-editor:not(.elementor-drop-cap-view-default) .elementor-drop-cap-letter{width:1em;height:1em}.elementor-widget-text-editor .elementor-drop-cap{float:left;text-align:center;line-height:1;font-size:50px}.elementor-widget-text-editor .elementor-drop-cap-letter{display:inline-block}<\/style>\t\t\t\t<p>&#8220;D\u00e9couvrez les derni\u00e8res tendances, conseils et mises \u00e0 jour pour rester \u00e0 la pointe du digital avec Gobeez.&#8221;<\/p>\t\t\t\t\t\t<\/div>\n\t\t\t\t<\/div>\n\t\t\t\t<\/div>\n\t\t<div class=\"elementor-element elementor-element-6ee0f94 e-con-full e-flex e-con e-parent\" data-id=\"6ee0f94\" data-element_type=\"container\">\n\t\t\t\t<div class=\"elementor-element elementor-element-29db0ee exad-sticky-section-no exad-glass-effect-no elementor-widget elementor-widget-exad-filterable-post\" data-id=\"29db0ee\" data-element_type=\"widget\" data-widget_type=\"exad-filterable-post.default\">\n\t\t\t\t<div class=\"elementor-widget-container\">\n\t\t\t\r\n\t\t<div class=\"exad-filterable-items exad-filterable-menu-container-align-top\" id =\"exad-filterable-filterable-id-29db0ee\">\r\n\t\t\t\t\t\t<div class=\"exad-filterable-menu-container\">\r\n\t\t\t\t\t\r\n\t\t<ul class=\"exad-filterable-menu\"  >\r\n\t\t\t<li class=\"filter-item current\"  data-filter=\"*\">\r\n\t\t\t\tAll\t\t\t<\/li>\r\n\t\t\t\t\t\t\t\t<li class=\"filter-item\" data-filter=\".conseil\">\r\n\t\t\t\t\t\tConseil\t\t\t\t\t<\/li>\r\n\t\t\t\t\t\t\t\t\t<li class=\"filter-item\" data-filter=\".gobeez-a-lyon\">\r\n\t\t\t\t\t\tGobeez&#039;s life\t\t\t\t\t<\/li>\r\n\t\t\t\t\t\t\r\n\t\t<\/ul>\r\n\t\r\n    \t\t\t<\/div>\r\n\t\t\t\t\t\t<div class=\"exad-filterable-controls\">\r\n\t\t\t\t<div class=\"filterable-post-container exad-row-wrapper exad-col-3\" id=\"filters-29db0ee\">\r\n\t\t\t\t\t\r\n<article class=\"exad-post-grid-three exad-col  exad-filterable-item conseil\">\r\n    <div class=\"exad-post-grid-container image-position-top exad-post-grid-equal-height- \">\r\n                    <figure class=\"exad-post-grid-thumbnail\">\r\n                <a href=\"https:\/\/gobeez.fr\/index.php\/2024\/09\/23\/lexperience-collaborateur-pour-une-experience-humaine-2\/\">\r\n                    <img fetchpriority=\"high\" decoding=\"async\" width=\"1792\" height=\"1024\" src=\"https:\/\/gobeez.fr\/wp-content\/uploads\/2024\/09\/entreprise-SEO-Lyon.jpg\" class=\"attachment-full size-full wp-post-image\" alt=\"\" \/>                <\/a>\r\n                \r\n                            <\/figure>\r\n        \r\n        <div class=\"exad-post-grid-body\">\r\n                            <ul class=\"exad-post-grid-category cat-posdefault\">\r\n                    <li><a href=\"https:\/\/gobeez.fr\/index.php\/category\/conseil\/\">Conseil<\/a><\/li>                <\/ul>\r\n            \t\t\t\t\r\n\t\t\t\t\t\t\t\r\n                    <h4>\r\n\t\t\t\t\t\r\n\t\t\t\t\t\t\t\r\n                        <a href=\"https:\/\/gobeez.fr\/index.php\/2024\/09\/23\/lexperience-collaborateur-pour-une-experience-humaine-2\/\" class=\"exad-post-grid-title\">C&#8217;est parti pour Gobeez !<\/a>\r\n\t\t\t\t\r\n\t\t\t\t\t\t\t\t\t\r\n                    <\/h4>\r\n\t\t\t\t\t\r\n\t\t\t\t\t\t\t\t\r\n                                <div class=\"exad-post-grid-description\">\r\n                    GOBEEZ : Une toute nouvelle agence web situ\u00e9e \u00e0 Lyon                <\/div>\r\n                            <div class=\"exad-post-footer\"><a href=\"https:\/\/gobeez.fr\/index.php\/2024\/09\/23\/lexperience-collaborateur-pour-une-experience-humaine-2\/\" target=\"_blank\" class=\"read-more\">Lire +<\/a><\/div>\r\n            \r\n        <\/div>\r\n            <\/div>\r\n<\/article>\r\n\r\n<article class=\"exad-post-grid-three exad-col  exad-filterable-item gobeez-a-lyon\">\r\n    <div class=\"exad-post-grid-container image-position-top exad-post-grid-equal-height- \">\r\n                    <figure class=\"exad-post-grid-thumbnail\">\r\n                <a href=\"https:\/\/gobeez.fr\/index.php\/2024\/09\/12\/lexperience-collaborateur-pour-une-experience-humaine\/\">\r\n                    <img decoding=\"async\" width=\"1792\" height=\"1024\" src=\"https:\/\/gobeez.fr\/wp-content\/uploads\/2024\/09\/creation-site-internet-lyon.jpg\" class=\"attachment-full size-full wp-post-image\" alt=\"gobeez.fr\" \/>                <\/a>\r\n                \r\n                            <\/figure>\r\n        \r\n        <div class=\"exad-post-grid-body\">\r\n                            <ul class=\"exad-post-grid-category cat-posdefault\">\r\n                    <li><a href=\"https:\/\/gobeez.fr\/index.php\/category\/gobeez-a-lyon\/\">Gobeez&#039;s life<\/a><\/li>                <\/ul>\r\n            \t\t\t\t\r\n\t\t\t\t\t\t\t\r\n                    <h4>\r\n\t\t\t\t\t\r\n\t\t\t\t\t\t\t\r\n                        <a href=\"https:\/\/gobeez.fr\/index.php\/2024\/09\/12\/lexperience-collaborateur-pour-une-experience-humaine\/\" class=\"exad-post-grid-title\">L&#8217;aventure Gobeez commence !<\/a>\r\n\t\t\t\t\r\n\t\t\t\t\t\t\t\t\t\r\n                    <\/h4>\r\n\t\t\t\t\t\r\n\t\t\t\t\t\t\t\t\r\n                                <div class=\"exad-post-grid-description\">\r\n                    \u00c0 l\u2019heure o\u00f9 tout le monde pense pouvoir cr\u00e9er un site en deux clics, ou avec l\u2019aide du...                <\/div>\r\n                            <div class=\"exad-post-footer\"><a href=\"https:\/\/gobeez.fr\/index.php\/2024\/09\/12\/lexperience-collaborateur-pour-une-experience-humaine\/\" target=\"_blank\" class=\"read-more\">Lire +<\/a><\/div>\r\n            \r\n        <\/div>\r\n            <\/div>\r\n<\/article>\r\n\r\n<article class=\"exad-post-grid-three exad-col  exad-filterable-item conseil\">\r\n    <div class=\"exad-post-grid-container image-position-top exad-post-grid-equal-height- \">\r\n                    <figure class=\"exad-post-grid-thumbnail\">\r\n                <a href=\"https:\/\/gobeez.fr\/index.php\/2024\/09\/11\/comment-mettre-en-place-une-organisation-efficace-autour-du-design-system\/\">\r\n                    <img decoding=\"async\" width=\"1024\" height=\"1024\" src=\"https:\/\/gobeez.fr\/wp-content\/uploads\/2024\/09\/Gobeez-lyon.jpg\" class=\"attachment-full size-full wp-post-image\" alt=\"\" \/>                <\/a>\r\n                \r\n                            <\/figure>\r\n        \r\n        <div class=\"exad-post-grid-body\">\r\n                            <ul class=\"exad-post-grid-category cat-posdefault\">\r\n                    <li><a href=\"https:\/\/gobeez.fr\/index.php\/category\/conseil\/\">Conseil<\/a><\/li>                <\/ul>\r\n            \t\t\t\t\r\n\t\t\t\t\t\t\t\r\n                    <h4>\r\n\t\t\t\t\t\r\n\t\t\t\t\t\t\t\r\n                        <a href=\"https:\/\/gobeez.fr\/index.php\/2024\/09\/11\/comment-mettre-en-place-une-organisation-efficace-autour-du-design-system\/\" class=\"exad-post-grid-title\">En 2024, est-ce r\u00e9ellement encore utile d&#8217;avoir un site internet ?<\/a>\r\n\t\t\t\t\r\n\t\t\t\t\t\t\t\t\t\r\n                    <\/h4>\r\n\t\t\t\t\t\r\n\t\t\t\t\t\t\t\t\r\n                                <div class=\"exad-post-grid-description\">\r\n                    ET oui !!! Certains sont encore sceptiques... Un site web est devenu indispensable pour toute entreprise souhaitant rester...                <\/div>\r\n                            <div class=\"exad-post-footer\"><a href=\"https:\/\/gobeez.fr\/index.php\/2024\/09\/11\/comment-mettre-en-place-une-organisation-efficace-autour-du-design-system\/\" target=\"_blank\" class=\"read-more\">Lire +<\/a><\/div>\r\n            \r\n        <\/div>\r\n            <\/div>\r\n<\/article>\r\n\r\n<article class=\"exad-post-grid-three exad-col  exad-filterable-item gobeez-a-lyon\">\r\n    <div class=\"exad-post-grid-container image-position-top exad-post-grid-equal-height- \">\r\n                    <figure class=\"exad-post-grid-thumbnail\">\r\n                <a href=\"https:\/\/gobeez.fr\/index.php\/2024\/09\/11\/les-facons-doptimiser-lexperience-utilisateur-user-experience-de-son-site-web\/\">\r\n                    <img loading=\"lazy\" decoding=\"async\" width=\"2560\" height=\"1707\" src=\"https:\/\/gobeez.fr\/wp-content\/uploads\/2024\/09\/alvaro-reyes-qWwpHwip31M-unsplash-scaled.jpg\" class=\"attachment-full size-full wp-post-image\" alt=\"\" \/>                <\/a>\r\n                \r\n                            <\/figure>\r\n        \r\n        <div class=\"exad-post-grid-body\">\r\n                            <ul class=\"exad-post-grid-category cat-posdefault\">\r\n                    <li><a href=\"https:\/\/gobeez.fr\/index.php\/category\/gobeez-a-lyon\/\">Gobeez&#039;s life<\/a><\/li>                <\/ul>\r\n            \t\t\t\t\r\n\t\t\t\t\t\t\t\r\n                    <h4>\r\n\t\t\t\t\t\r\n\t\t\t\t\t\t\t\r\n                        <a href=\"https:\/\/gobeez.fr\/index.php\/2024\/09\/11\/les-facons-doptimiser-lexperience-utilisateur-user-experience-de-son-site-web\/\" class=\"exad-post-grid-title\">Optimiser l\u2019exp\u00e9rience utilisateur d\u2019un site web : enjeux et priorit\u00e9s<\/a>\r\n\t\t\t\t\r\n\t\t\t\t\t\t\t\t\t\r\n                    <\/h4>\r\n\t\t\t\t\t\r\n\t\t\t\t\t\t\t\t\r\n                                <div class=\"exad-post-grid-description\">\r\n                    Retour \u00e0 la liste Les fa\u00e7ons d\u2019optimiser l&#8217;exp\u00e9rience utilisateur (user experience) de son site web Si g\u00e9n\u00e9rer du...                <\/div>\r\n                            <div class=\"exad-post-footer\"><a href=\"https:\/\/gobeez.fr\/index.php\/2024\/09\/11\/les-facons-doptimiser-lexperience-utilisateur-user-experience-de-son-site-web\/\" target=\"_blank\" class=\"read-more\">Lire +<\/a><\/div>\r\n            \r\n        <\/div>\r\n            <\/div>\r\n<\/article>\r\n\t\t\t\t<\/div>\r\n\t\t\t<\/div>\r\n\t\t<\/div>\r\n    \t\t\t<\/div>\n\t\t\t\t<\/div>\n\t\t\t\t<\/div>\n\t\t<div class=\"elementor-element elementor-element-130f6a8 e-con-full e-flex e-con e-parent\" data-id=\"130f6a8\" data-element_type=\"container\" data-settings=\"{&quot;background_background&quot;:&quot;classic&quot;}\">\n\t\t<div class=\"elementor-element elementor-element-77c5414 e-con-full e-flex e-con e-child\" data-id=\"77c5414\" data-element_type=\"container\">\n\t\t\t\t<div class=\"elementor-element elementor-element-c6e5a34 exad-sticky-section-no exad-glass-effect-no elementor-widget elementor-widget-heading\" data-id=\"c6e5a34\" data-element_type=\"widget\" data-widget_type=\"heading.default\">\n\t\t\t\t<div class=\"elementor-widget-container\">\n\t\t\t<h2 class=\"elementor-heading-title elementor-size-default\">Vous avez un projet web ou besoin d'une refonte de votre site et ses environs ?<\/h2>\t\t<\/div>\n\t\t\t\t<\/div>\n\t\t\t\t<div class=\"elementor-element elementor-element-ecc3aab exad-sticky-section-no exad-glass-effect-no elementor-widget elementor-widget-text-editor\" data-id=\"ecc3aab\" data-element_type=\"widget\" data-widget_type=\"text-editor.default\">\n\t\t\t\t<div class=\"elementor-widget-container\">\n\t\t\t\t\t\t\t<p><span style=\"font-weight: 400;\">\u00a0Contactez Gobeez d\u00e8s aujourd&#8217;hui pour discuter de vos besoins et obtenir un devis gratuit. Nous sommes \u00e0 votre \u00e9coute pour r\u00e9aliser vos projets num\u00e9riques avec succ\u00e8s.<\/span><\/p>\t\t\t\t\t\t<\/div>\n\t\t\t\t<\/div>\n\t\t\t\t<div class=\"elementor-element elementor-element-6beaf68 elementor-align-left elementor-widget__width-initial animated-slow exad-sticky-section-no exad-glass-effect-no elementor-invisible elementor-widget elementor-widget-button\" data-id=\"6beaf68\" data-element_type=\"widget\" data-settings=\"{&quot;_animation&quot;:&quot;fadeInUp&quot;}\" data-widget_type=\"button.default\">\n\t\t\t\t<div class=\"elementor-widget-container\">\n\t\t\t\t\t<div class=\"elementor-button-wrapper\">\n\t\t\t<a class=\"elementor-button elementor-button-link elementor-size-sm elementor-animation-float\" href=\"https:\/\/gobeez.fr\/index.php\/contact\/\">\n\t\t\t\t\t\t<span class=\"elementor-button-content-wrapper\">\n\t\t\t\t\t\t\t\t\t<span class=\"elementor-button-text\">Contactez-nous<\/span>\n\t\t\t\t\t<\/span>\n\t\t\t\t\t<\/a>\n\t\t<\/div>\n\t\t\t\t<\/div>\n\t\t\t\t<\/div>\n\t\t\t\t<\/div>\n\t\t<div class=\"elementor-element elementor-element-d7ed96a e-con-full e-flex e-con e-child\" data-id=\"d7ed96a\" data-element_type=\"container\" data-settings=\"{&quot;background_background&quot;:&quot;classic&quot;}\">\n\t\t\t\t<div class=\"elementor-element elementor-element-f37e2a9 elementor-align-right elementor-tablet-align-right animated-slow exad-sticky-section-no exad-glass-effect-no elementor-invisible elementor-widget elementor-widget-lottie\" data-id=\"f37e2a9\" data-element_type=\"widget\" data-settings=\"{&quot;source_json&quot;:{&quot;url&quot;:&quot;https:\\\/\\\/gobeez.fr\\\/wp-content\\\/uploads\\\/2024\\\/08\\\/Animation-1723553669864.json&quot;,&quot;id&quot;:153,&quot;size&quot;:&quot;&quot;,&quot;alt&quot;:&quot;&quot;,&quot;source&quot;:&quot;library&quot;},&quot;loop&quot;:&quot;yes&quot;,&quot;_animation&quot;:&quot;fadeInRight&quot;,&quot;source&quot;:&quot;media_file&quot;,&quot;caption_source&quot;:&quot;none&quot;,&quot;link_to&quot;:&quot;none&quot;,&quot;trigger&quot;:&quot;arriving_to_viewport&quot;,&quot;viewport&quot;:{&quot;unit&quot;:&quot;%&quot;,&quot;size&quot;:&quot;&quot;,&quot;sizes&quot;:{&quot;start&quot;:0,&quot;end&quot;:100}},&quot;play_speed&quot;:{&quot;unit&quot;:&quot;px&quot;,&quot;size&quot;:1,&quot;sizes&quot;:[]},&quot;start_point&quot;:{&quot;unit&quot;:&quot;%&quot;,&quot;size&quot;:0,&quot;sizes&quot;:[]},&quot;end_point&quot;:{&quot;unit&quot;:&quot;%&quot;,&quot;size&quot;:100,&quot;sizes&quot;:[]},&quot;renderer&quot;:&quot;svg&quot;}\" data-widget_type=\"lottie.default\">\n\t\t\t\t<div class=\"elementor-widget-container\">\n\t\t\t<style>\/*! elementor-pro - v3.23.0 - 05-08-2024 *\/\n.e-lottie__container{display:inline-block;max-width:var(--lottie-container-max-width);width:var(--lottie-container-width);opacity:var(--lottie-container-opacity)}.e-lottie__container:hover{opacity:var(--lottie-container-opacity-hover);transition-duration:var(--lottie-container-transition-duration-hover)}.e-lottie__container svg,.e-lottie__container svg *{transition:none!important}.e-lottie__caption{color:var(--caption-color);margin-top:var(--caption-margin-top);text-align:var(--caption-text-align)}<\/style><div class=\"e-lottie__container\"><div class=\"e-lottie__animation\"><\/div><\/div>\t\t<\/div>\n\t\t\t\t<\/div>\n\t\t\t\t<\/div>\n\t\t\t\t<\/div>\n\t\t\t\t<\/div>\n\t\t","protected":false},"excerpt":{"rendered":"<p>Du nouveau chez Gobeez ! &#8220;D\u00e9couvrez les derni\u00e8res tendances, conseils et mises \u00e0 jour pour rester \u00e0 la pointe du digital avec Gobeez.&#8221; Tout Conseil Gobeez&#039;s life Conseil C&#8217;est parti pour Gobeez ! GOBEEZ : Une toute nouvelle agence web situ\u00e9e \u00e0 Lyon Lire + Gobeez&#039;s life L&#8217;aventure Gobeez commence ! \u00c0 l\u2019heure o\u00f9 tout [&hellip;]<\/p>\n","protected":false},"author":1,"featured_media":0,"parent":0,"menu_order":0,"comment_status":"closed","ping_status":"closed","template":"","meta":{"_eb_attr":"","footnotes":""},"class_list":["post-1580","page","type-page","status-publish","hentry"],"yoast_head":"<!-- This site is optimized with the Yoast SEO plugin v23.4 - https:\/\/yoast.com\/wordpress\/plugins\/seo\/ -->\n<title>News - Gobeez<\/title>\n<meta name=\"robots\" content=\"index, follow, max-snippet:-1, max-image-preview:large, max-video-preview:-1\" \/>\n<link rel=\"canonical\" href=\"https:\/\/gobeez.fr\/index.php\/news\/\" \/>\n<meta property=\"og:locale\" content=\"fr_FR\" \/>\n<meta property=\"og:type\" content=\"article\" \/>\n<meta property=\"og:title\" content=\"News - Gobeez\" \/>\n<meta property=\"og:description\" content=\"Du nouveau chez Gobeez ! &#8220;D\u00e9couvrez les derni\u00e8res tendances, conseils et mises \u00e0 jour pour rester \u00e0 la pointe du digital avec Gobeez.&#8221; Tout Conseil Gobeez&#039;s life Conseil C&#8217;est parti pour Gobeez ! GOBEEZ : Une toute nouvelle agence web situ\u00e9e \u00e0 Lyon Lire + Gobeez&#039;s life L&#8217;aventure Gobeez commence ! \u00c0 l\u2019heure o\u00f9 tout [&hellip;]\" \/>\n<meta property=\"og:url\" content=\"https:\/\/gobeez.fr\/index.php\/news\/\" \/>\n<meta property=\"og:site_name\" content=\"Gobeez\" \/>\n<meta property=\"article:modified_time\" content=\"2024-10-07T07:51:23+00:00\" \/>\n<meta property=\"og:image\" content=\"https:\/\/gobeez.fr\/wp-content\/uploads\/2024\/09\/entreprise-SEO-Lyon.jpg\" \/>\n<meta name=\"twitter:card\" content=\"summary_large_image\" \/>\n<meta name=\"twitter:label1\" content=\"Dur\u00e9e de lecture estim\u00e9e\" \/>\n\t<meta name=\"twitter:data1\" content=\"2 minutes\" \/>\n<script type=\"application\/ld+json\" class=\"yoast-schema-graph\">{\"@context\":\"https:\/\/schema.org\",\"@graph\":[{\"@type\":\"WebPage\",\"@id\":\"https:\/\/gobeez.fr\/index.php\/news\/\",\"url\":\"https:\/\/gobeez.fr\/index.php\/news\/\",\"name\":\"News - Gobeez\",\"isPartOf\":{\"@id\":\"https:\/\/gobeez.fr\/#website\"},\"primaryImageOfPage\":{\"@id\":\"https:\/\/gobeez.fr\/index.php\/news\/#primaryimage\"},\"image\":{\"@id\":\"https:\/\/gobeez.fr\/index.php\/news\/#primaryimage\"},\"thumbnailUrl\":\"https:\/\/gobeez.fr\/wp-content\/uploads\/2024\/09\/entreprise-SEO-Lyon.jpg\",\"datePublished\":\"2024-09-11T12:20:19+00:00\",\"dateModified\":\"2024-10-07T07:51:23+00:00\",\"breadcrumb\":{\"@id\":\"https:\/\/gobeez.fr\/index.php\/news\/#breadcrumb\"},\"inLanguage\":\"fr-FR\",\"potentialAction\":[{\"@type\":\"ReadAction\",\"target\":[\"https:\/\/gobeez.fr\/index.php\/news\/\"]}]},{\"@type\":\"ImageObject\",\"inLanguage\":\"fr-FR\",\"@id\":\"https:\/\/gobeez.fr\/index.php\/news\/#primaryimage\",\"url\":\"https:\/\/gobeez.fr\/wp-content\/uploads\/2024\/09\/entreprise-SEO-Lyon.jpg\",\"contentUrl\":\"https:\/\/gobeez.fr\/wp-content\/uploads\/2024\/09\/entreprise-SEO-Lyon.jpg\",\"width\":1792,\"height\":1024},{\"@type\":\"BreadcrumbList\",\"@id\":\"https:\/\/gobeez.fr\/index.php\/news\/#breadcrumb\",\"itemListElement\":[{\"@type\":\"ListItem\",\"position\":1,\"name\":\"Accueil\",\"item\":\"https:\/\/gobeez.fr\/\"},{\"@type\":\"ListItem\",\"position\":2,\"name\":\"News\"}]},{\"@type\":\"WebSite\",\"@id\":\"https:\/\/gobeez.fr\/#website\",\"url\":\"https:\/\/gobeez.fr\/\",\"name\":\"Gobeez\",\"description\":\"Agence web \u00e9co-responsable \u00e0 Lyon\",\"publisher\":{\"@id\":\"https:\/\/gobeez.fr\/#organization\"},\"potentialAction\":[{\"@type\":\"SearchAction\",\"target\":{\"@type\":\"EntryPoint\",\"urlTemplate\":\"https:\/\/gobeez.fr\/?s={search_term_string}\"},\"query-input\":{\"@type\":\"PropertyValueSpecification\",\"valueRequired\":true,\"valueName\":\"search_term_string\"}}],\"inLanguage\":\"fr-FR\"},{\"@type\":\"Organization\",\"@id\":\"https:\/\/gobeez.fr\/#organization\",\"name\":\"Gobeez\",\"url\":\"https:\/\/gobeez.fr\/\",\"logo\":{\"@type\":\"ImageObject\",\"inLanguage\":\"fr-FR\",\"@id\":\"https:\/\/gobeez.fr\/#\/schema\/logo\/image\/\",\"url\":\"https:\/\/gobeez.fr\/wp-content\/uploads\/2024\/08\/image.png\",\"contentUrl\":\"https:\/\/gobeez.fr\/wp-content\/uploads\/2024\/08\/image.png\",\"width\":2000,\"height\":737,\"caption\":\"Gobeez\"},\"image\":{\"@id\":\"https:\/\/gobeez.fr\/#\/schema\/logo\/image\/\"}}]}<\/script>\n<!-- \/ Yoast SEO plugin. -->","yoast_head_json":{"title":"News - Gobeez","robots":{"index":"index","follow":"follow","max-snippet":"max-snippet:-1","max-image-preview":"max-image-preview:large","max-video-preview":"max-video-preview:-1"},"canonical":"https:\/\/gobeez.fr\/index.php\/news\/","og_locale":"fr_FR","og_type":"article","og_title":"News - Gobeez","og_description":"Du nouveau chez Gobeez ! &#8220;D\u00e9couvrez les derni\u00e8res tendances, conseils et mises \u00e0 jour pour rester \u00e0 la pointe du digital avec Gobeez.&#8221; Tout Conseil Gobeez&#039;s life Conseil C&#8217;est parti pour Gobeez ! GOBEEZ : Une toute nouvelle agence web situ\u00e9e \u00e0 Lyon Lire + Gobeez&#039;s life L&#8217;aventure Gobeez commence ! \u00c0 l\u2019heure o\u00f9 tout [&hellip;]","og_url":"https:\/\/gobeez.fr\/index.php\/news\/","og_site_name":"Gobeez","article_modified_time":"2024-10-07T07:51:23+00:00","og_image":[{"url":"https:\/\/gobeez.fr\/wp-content\/uploads\/2024\/09\/entreprise-SEO-Lyon.jpg"}],"twitter_card":"summary_large_image","twitter_misc":{"Dur\u00e9e de lecture estim\u00e9e":"2 minutes"},"schema":{"@context":"https:\/\/schema.org","@graph":[{"@type":"WebPage","@id":"https:\/\/gobeez.fr\/index.php\/news\/","url":"https:\/\/gobeez.fr\/index.php\/news\/","name":"News - Gobeez","isPartOf":{"@id":"https:\/\/gobeez.fr\/#website"},"primaryImageOfPage":{"@id":"https:\/\/gobeez.fr\/index.php\/news\/#primaryimage"},"image":{"@id":"https:\/\/gobeez.fr\/index.php\/news\/#primaryimage"},"thumbnailUrl":"https:\/\/gobeez.fr\/wp-content\/uploads\/2024\/09\/entreprise-SEO-Lyon.jpg","datePublished":"2024-09-11T12:20:19+00:00","dateModified":"2024-10-07T07:51:23+00:00","breadcrumb":{"@id":"https:\/\/gobeez.fr\/index.php\/news\/#breadcrumb"},"inLanguage":"fr-FR","potentialAction":[{"@type":"ReadAction","target":["https:\/\/gobeez.fr\/index.php\/news\/"]}]},{"@type":"ImageObject","inLanguage":"fr-FR","@id":"https:\/\/gobeez.fr\/index.php\/news\/#primaryimage","url":"https:\/\/gobeez.fr\/wp-content\/uploads\/2024\/09\/entreprise-SEO-Lyon.jpg","contentUrl":"https:\/\/gobeez.fr\/wp-content\/uploads\/2024\/09\/entreprise-SEO-Lyon.jpg","width":1792,"height":1024},{"@type":"BreadcrumbList","@id":"https:\/\/gobeez.fr\/index.php\/news\/#breadcrumb","itemListElement":[{"@type":"ListItem","position":1,"name":"Accueil","item":"https:\/\/gobeez.fr\/"},{"@type":"ListItem","position":2,"name":"News"}]},{"@type":"WebSite","@id":"https:\/\/gobeez.fr\/#website","url":"https:\/\/gobeez.fr\/","name":"Gobeez","description":"Agence web \u00e9co-responsable \u00e0 Lyon","publisher":{"@id":"https:\/\/gobeez.fr\/#organization"},"potentialAction":[{"@type":"SearchAction","target":{"@type":"EntryPoint","urlTemplate":"https:\/\/gobeez.fr\/?s={search_term_string}"},"query-input":{"@type":"PropertyValueSpecification","valueRequired":true,"valueName":"search_term_string"}}],"inLanguage":"fr-FR"},{"@type":"Organization","@id":"https:\/\/gobeez.fr\/#organization","name":"Gobeez","url":"https:\/\/gobeez.fr\/","logo":{"@type":"ImageObject","inLanguage":"fr-FR","@id":"https:\/\/gobeez.fr\/#\/schema\/logo\/image\/","url":"https:\/\/gobeez.fr\/wp-content\/uploads\/2024\/08\/image.png","contentUrl":"https:\/\/gobeez.fr\/wp-content\/uploads\/2024\/08\/image.png","width":2000,"height":737,"caption":"Gobeez"},"image":{"@id":"https:\/\/gobeez.fr\/#\/schema\/logo\/image\/"}}]}},"_links":{"self":[{"href":"https:\/\/gobeez.fr\/index.php\/wp-json\/wp\/v2\/pages\/1580","targetHints":{"allow":["GET"]}}],"collection":[{"href":"https:\/\/gobeez.fr\/index.php\/wp-json\/wp\/v2\/pages"}],"about":[{"href":"https:\/\/gobeez.fr\/index.php\/wp-json\/wp\/v2\/types\/page"}],"author":[{"embeddable":true,"href":"https:\/\/gobeez.fr\/index.php\/wp-json\/wp\/v2\/users\/1"}],"replies":[{"embeddable":true,"href":"https:\/\/gobeez.fr\/index.php\/wp-json\/wp\/v2\/comments?post=1580"}],"version-history":[{"count":74,"href":"https:\/\/gobeez.fr\/index.php\/wp-json\/wp\/v2\/pages\/1580\/revisions"}],"predecessor-version":[{"id":2794,"href":"https:\/\/gobeez.fr\/index.php\/wp-json\/wp\/v2\/pages\/1580\/revisions\/2794"}],"wp:attachment":[{"href":"https:\/\/gobeez.fr\/index.php\/wp-json\/wp\/v2\/media?parent=1580"}],"curies":[{"name":"wp","href":"https:\/\/api.w.org\/{rel}","templated":true}]}}